{"id":4494,"date":"2024-05-16T08:11:31","date_gmt":"2024-05-16T08:11:31","guid":{"rendered":"https:\/\/fondacijasnd.rs\/about-the-foundation\/"},"modified":"2026-02-19T14:29:50","modified_gmt":"2026-02-19T14:29:50","slug":"about-the-foundation","status":"publish","type":"page","link":"https:\/\/fondacijasnd.rs\/en\/about-the-foundation\/","title":{"rendered":"About the Foundation"},"content":{"rendered":"\t\t<div data-elementor-type=\"wp-page\" data-elementor-id=\"4494\" class=\"elementor elementor-4494 elementor-377\" data-elementor-post-type=\"page\">\n\t\t\t\t<div class=\"elementor-element elementor-element-02183d6 e-con-full e-flex e-con e-parent\" data-id=\"02183d6\" data-element_type=\"container\" data-e-type=\"container\" data-settings=\"{&quot;background_background&quot;:&quot;classic&quot;}\">\n\t\t<div class=\"elementor-element elementor-element-1a16c06 e-con-full e-flex e-con e-child\" data-id=\"1a16c06\" data-element_type=\"container\" data-e-type=\"container\">\n\t\t\t\t<div class=\"elementor-element elementor-element-54583a8 elementor-widget elementor-widget-button\" data-id=\"54583a8\" data-element_type=\"widget\" data-e-type=\"widget\" data-widget_type=\"button.default\">\n\t\t\t\t<div class=\"elementor-widget-container\">\n\t\t\t\t\t\t\t\t\t<div class=\"elementor-button-wrapper\">\n\t\t\t\t\t<a class=\"elementor-button elementor-button-link elementor-size-sm\" href=\"#\" id=\"go-back\">\n\t\t\t\t\t\t<span class=\"elementor-button-content-wrapper\">\n\t\t\t\t\t\t<span class=\"elementor-button-icon\">\n\t\t\t\t<svg xmlns=\"http:\/\/www.w3.org\/2000\/svg\" width=\"28\" height=\"28\" viewBox=\"0 0 28 28\" fill=\"none\"><rect x=\"-0.75\" y=\"0.75\" width=\"26\" height=\"26\" rx=\"13\" transform=\"matrix(-1 0 0 1 26 0)\" stroke=\"white\" stroke-width=\"1.5\"><\/rect><path d=\"M11.5869 17.1797L8.46191 14.0547M8.46191 14.0547L11.5869 10.9297M8.46191 14.0547L19.3914 14.0547\" stroke=\"white\" stroke-width=\"1.5\" stroke-linecap=\"round\" stroke-linejoin=\"round\"><\/path><\/svg>\t\t\t<\/span>\n\t\t\t\t\t\t\t\t<\/span>\n\t\t\t\t\t<\/a>\n\t\t\t\t<\/div>\n\t\t\t\t\t\t\t\t<\/div>\n\t\t\t\t<\/div>\n\t\t\t\t<div class=\"elementor-element elementor-element-810e7f3 elementor-widget elementor-widget-html\" data-id=\"810e7f3\" data-element_type=\"widget\" data-e-type=\"widget\" data-widget_type=\"html.default\">\n\t\t\t\t<div class=\"elementor-widget-container\">\n\t\t\t\t\t<script type=\"text\/javascript\">jQuery(document).ready(function() { jQuery('#go-back').on('click', function() {\nwindow.history.go(-1);\nreturn false; });\n}); <\/script>\t\t\t\t<\/div>\n\t\t\t\t<\/div>\n\t\t\t\t<\/div>\n\t\t<div class=\"elementor-element elementor-element-e92b4e6 e-con-full e-flex e-con e-child\" data-id=\"e92b4e6\" data-element_type=\"container\" data-e-type=\"container\">\n\t\t\t\t<div class=\"elementor-element elementor-element-1d3abfd elementor-widget elementor-widget-heading\" data-id=\"1d3abfd\" data-element_type=\"widget\" data-e-type=\"widget\" data-widget_type=\"heading.default\">\n\t\t\t\t<div class=\"elementor-widget-container\">\n\t\t\t\t\t<h1 class=\"elementor-heading-title elementor-size-default\">About the Foundation<\/h1>\t\t\t\t<\/div>\n\t\t\t\t<\/div>\n\t\t\t\t<div class=\"elementor-element elementor-element-0225349 elementor-widget-mobile__width-inherit elementor-widget__width-initial elementor-widget elementor-widget-text-editor\" data-id=\"0225349\" data-element_type=\"widget\" data-e-type=\"widget\" data-widget_type=\"text-editor.default\">\n\t\t\t\t<div class=\"elementor-widget-container\">\n\t\t\t\t\t\t\t\t\t<p>The creator of the vision, idea and initiative for establishing the Foundation \u201cFor the Serbian People and State\u201d is President Aleksandar Vu\u010di\u0107. The Foundation \u201cFor the Serbian People and State\u201d was established by the Serbian Progressive Party in October 2019. year. <\/p>\n<p>Together with our founder, we will strive to keep Serbia a decent and civilized society. Every decent and civilized society is also a just one. We will advocate our beliefs assertively \u2013 with full respect for other and different attitudes. \u0421\u0432\u0430\u043a\u043e \u043f\u0440\u0438\u0441\u0442\u043e\u0458\u043d\u043e \u0438 \u0446\u0438\u0432\u0438\u043b\u0438\u0437\u043e\u0432\u0430\u043d\u043e \u0434\u0440\u0443\u0448\u0442\u0432\u043e \u0458\u0435 \u0438 \u043f\u0440\u0430\u0432\u0435\u0434\u043d\u043e \u0434\u0440\u0443\u0448\u0442\u0432\u043e. \u0421\u043e\u043f\u0441\u0442\u0432\u0435\u043d\u0430 \u0443\u0432\u0435\u0440\u0435\u045a\u0430 \u045b\u0435\u043c\u043e \u0437\u0430\u0441\u0442\u0443\u043f\u0430\u0442\u0438 \u043d\u0430 \u0430\u0441\u0435\u0440\u0442\u0438\u0432\u0430\u043d \u043d\u0430\u0447\u0438\u043d \u2013 \u0443\u0437 \u043f\u0443\u043d\u043e \u0443\u0432\u0430\u0436\u0430\u0432\u0430\u045a\u0435 \u0434\u0440\u0443\u0433\u0438\u0445 \u0438 \u0434\u0440\u0443\u0433\u0430\u0447\u0438\u0458\u0438\u0445 \u0441\u0442\u0430\u0432\u043e\u0432\u0430.   <br \/>The Foundation \u201cFor the Serbian People and State\u201d will dedicate special attention to the improvement of political culture in Serbia, the nurturing of tradition and Serbian cultural heritage, education of young people, scientific-research and publishing activities.<\/p>\n<p>Our wish is to inspire people to contribute to the shaping of Serbia\u2019s future. In partnership, we will cooperate with institutions, political parties, civil society organizations and similar endowments and foundations.<\/p>\n<p>We will also keep in mind Oskar Davi\u010do\u2019s words about Serbia: \u201cI know all your faces, what they want, wear, I looked into all of your eyes, I understand what they say, what they hide. I think your thought behind your forehead in your hair, I know what your mouth loves, drinks\u201d.<\/p>\n\t\t\t\t\t\t\t\t<\/div>\n\t\t\t\t<\/div>\n\t\t\t\t<\/div>\n\t\t\t\t<\/div>\n\t\t<div class=\"elementor-element elementor-element-d239549 e-con-full e-flex e-con e-parent\" data-id=\"d239549\" data-element_type=\"container\" data-e-type=\"container\">\n\t\t<div class=\"elementor-element elementor-element-3229579 e-con-full e-flex e-con e-child\" data-id=\"3229579\" data-element_type=\"container\" data-e-type=\"container\">\n\t\t\t\t<div class=\"elementor-element elementor-element-f9c2648 elementor-widget elementor-widget-heading\" data-id=\"f9c2648\" data-element_type=\"widget\" data-e-type=\"widget\" data-widget_type=\"heading.default\">\n\t\t\t\t<div class=\"elementor-widget-container\">\n\t\t\t\t\t<h2 class=\"elementor-heading-title elementor-size-default\">Management Board<\/h2>\t\t\t\t<\/div>\n\t\t\t\t<\/div>\n\t\t\t\t<div class=\"elementor-element elementor-element-92671ec elementor-widget-mobile__width-inherit elementor-widget elementor-widget-text-editor\" data-id=\"92671ec\" data-element_type=\"widget\" data-e-type=\"widget\" data-widget_type=\"text-editor.default\">\n\t\t\t\t<div class=\"elementor-widget-container\">\n\t\t\t\t\t\t\t\t\t<p>Dejan Mihailov \u2013 Chairman of the Board of Directors<\/p><p>prof. dr Uro\u0161 \u0160uvakovi\u0107 &#8211; Member of the Management Board<\/p><p>prof. dr Ljiljana Markovi\u0107 &#8211; Member of the Management Board<\/p><p>Nemanja Starovi\u0107 &#8211; Member of the Management Board<\/p><p>Ivan Radovanovi\u0107 &#8211; Member of the Management Board<\/p>\t\t\t\t\t\t\t\t<\/div>\n\t\t\t\t<\/div>\n\t\t\t\t<\/div>\n\t\t<div class=\"elementor-element elementor-element-233e671 e-con-full e-flex e-con e-child\" data-id=\"233e671\" data-element_type=\"container\" data-e-type=\"container\">\n\t\t\t\t<div class=\"elementor-element elementor-element-246e48a elementor-widget elementor-widget-heading\" data-id=\"246e48a\" data-element_type=\"widget\" data-e-type=\"widget\" data-widget_type=\"heading.default\">\n\t\t\t\t<div class=\"elementor-widget-container\">\n\t\t\t\t\t<h2 class=\"elementor-heading-title elementor-size-default\">Director<\/h2>\t\t\t\t<\/div>\n\t\t\t\t<\/div>\n\t\t\t\t<div class=\"elementor-element elementor-element-ab82f6d elementor-widget-mobile__width-inherit elementor-widget elementor-widget-text-editor\" data-id=\"ab82f6d\" data-element_type=\"widget\" data-e-type=\"widget\" data-widget_type=\"text-editor.default\">\n\t\t\t\t<div class=\"elementor-widget-container\">\n\t\t\t\t\t\t\t\t\t<p>Ljubica Bertovi\u0107<\/p>\t\t\t\t\t\t\t\t<\/div>\n\t\t\t\t<\/div>\n\t\t\t\t<\/div>\n\t\t<div class=\"elementor-element elementor-element-92227b5 e-con-full e-flex e-con e-child\" data-id=\"92227b5\" data-element_type=\"container\" data-e-type=\"container\">\n\t\t\t\t<div class=\"elementor-element elementor-element-1c89a57 elementor-widget elementor-widget-heading\" data-id=\"1c89a57\" data-element_type=\"widget\" data-e-type=\"widget\" data-widget_type=\"heading.default\">\n\t\t\t\t<div class=\"elementor-widget-container\">\n\t\t\t\t\t<h2 class=\"elementor-heading-title elementor-size-default\">Acts<\/h2>\t\t\t\t<\/div>\n\t\t\t\t<\/div>\n\t\t\t\t<div class=\"elementor-element elementor-element-c096b03 elementor-widget-mobile__width-inherit elementor-widget elementor-widget-text-editor\" data-id=\"c096b03\" data-element_type=\"widget\" data-e-type=\"widget\" data-widget_type=\"text-editor.default\">\n\t\t\t\t<div class=\"elementor-widget-container\">\n\t\t\t\t\t\t\t\t\t<p>Here you can see the statute of the foundation.<\/p>\n\t\t\t\t\t\t\t\t<\/div>\n\t\t\t\t<\/div>\n\t\t\t\t<div class=\"elementor-element elementor-element-bad7698 elementor-widget elementor-widget-button\" data-id=\"bad7698\" data-element_type=\"widget\" data-e-type=\"widget\" data-widget_type=\"button.default\">\n\t\t\t\t<div class=\"elementor-widget-container\">\n\t\t\t\t\t\t\t\t\t<div class=\"elementor-button-wrapper\">\n\t\t\t\t\t<a class=\"elementor-button elementor-button-link elementor-size-sm\" href=\"\/wp-content\/uploads\/2024\/05\/Statut.pdf\" target=\"_blank\">\n\t\t\t\t\t\t<span class=\"elementor-button-content-wrapper\">\n\t\t\t\t\t\t<span class=\"elementor-button-icon\">\n\t\t\t\t<svg aria-hidden=\"true\" class=\"e-font-icon-svg e-fas-chevron-right\" viewBox=\"0 0 320 512\" xmlns=\"http:\/\/www.w3.org\/2000\/svg\"><path d=\"M285.476 272.971L91.132 467.314c-9.373 9.373-24.569 9.373-33.941 0l-22.667-22.667c-9.357-9.357-9.375-24.522-.04-33.901L188.505 256 34.484 101.255c-9.335-9.379-9.317-24.544.04-33.901l22.667-22.667c9.373-9.373 24.569-9.373 33.941 0L285.475 239.03c9.373 9.372 9.373 24.568.001 33.941z\"><\/path><\/svg>\t\t\t<\/span>\n\t\t\t\t\t\t\t\t\t<span class=\"elementor-button-text\">Statute of the Foundation<\/span>\n\t\t\t\t\t<\/span>\n\t\t\t\t\t<\/a>\n\t\t\t\t<\/div>\n\t\t\t\t\t\t\t\t<\/div>\n\t\t\t\t<\/div>\n\t\t\t\t<\/div>\n\t\t\t\t<\/div>\n\t\t\t\t<\/div>\n\t\t","protected":false},"excerpt":{"rendered":"<p>The creator of the vision, idea and initiative for establishing the Foundation \u201cFor the Serbian People and State\u201d is President Aleksandar Vu\u010di\u0107. The Foundation \u201cFor the Serbian People and State\u201d was established by the Serbian Progressive Party in October 2019. year. Together with our founder, we will strive to keep Serbia a decent and civilized [&hellip;]<\/p>\n","protected":false},"author":1,"featured_media":0,"parent":0,"menu_order":0,"comment_status":"closed","ping_status":"closed","template":"elementor_header_footer","meta":{"_acf_changed":false,"footnotes":""},"class_list":["post-4494","page","type-page","status-publish","hentry"],"acf":[],"_links":{"self":[{"href":"https:\/\/fondacijasnd.rs\/en\/wp-json\/wp\/v2\/pages\/4494","targetHints":{"allow":["GET"]}}],"collection":[{"href":"https:\/\/fondacijasnd.rs\/en\/wp-json\/wp\/v2\/pages"}],"about":[{"href":"https:\/\/fondacijasnd.rs\/en\/wp-json\/wp\/v2\/types\/page"}],"author":[{"embeddable":true,"href":"https:\/\/fondacijasnd.rs\/en\/wp-json\/wp\/v2\/users\/1"}],"replies":[{"embeddable":true,"href":"https:\/\/fondacijasnd.rs\/en\/wp-json\/wp\/v2\/comments?post=4494"}],"version-history":[{"count":3,"href":"https:\/\/fondacijasnd.rs\/en\/wp-json\/wp\/v2\/pages\/4494\/revisions"}],"predecessor-version":[{"id":9843,"href":"https:\/\/fondacijasnd.rs\/en\/wp-json\/wp\/v2\/pages\/4494\/revisions\/9843"}],"wp:attachment":[{"href":"https:\/\/fondacijasnd.rs\/en\/wp-json\/wp\/v2\/media?parent=4494"}],"curies":[{"name":"wp","href":"https:\/\/api.w.org\/{rel}","templated":true}]}}